{"id":84,"date":"2022-12-22T23:05:15","date_gmt":"2022-12-22T22:05:15","guid":{"rendered":"https:\/\/handy-nodalpunktadapter.de\/online\/?post_type=product&#038;p=84"},"modified":"2022-12-25T02:10:58","modified_gmt":"2022-12-25T01:10:58","slug":"panoramaplatte-drehscheibe-360","status":"publish","type":"product","link":"https:\/\/handy-nodalpunktadapter.de\/online\/produkt\/panoramaplatte-drehscheibe-360\/","title":{"rendered":"Panoramaplatte \u2013 Drehscheibe 360\u00b0"},"content":{"rendered":"<div class=\"post-content woocommerce-product-details__short-description\">\n<p>Die Panoramaplatte l\u00e4sst sich mit Nodalpunktadapter kombinieren und kann dank ihrer flachen, stabilen Bauweise sowohl zwischen Stativ als auch Nodalpunktadapter montiert werden.<\/p>\n<p><a href=\"https:\/\/photos.app.goo.gl\/bVvoEz3vx6W6q3L2A\">https:\/\/photos.app.goo.gl\/bVvoEz3vx6W6q3L2A<\/a><\/p>\n<p><span class=\"VIiyi\" lang=\"de\"><span class=\"JLqJ4b ChMk0b\" data-language-for-alternatives=\"de\" data-language-to-translate-into=\"ru\" data-phrase-index=\"0\" data-number-of-phrases=\"2\"><span class=\"Q4iAWc\">Bitte VERWENDEN Sie diese Panoramaplatte nur mit unseremem Nodalpunktadapter, die Panoramaplatte ist nicht f\u00fcr die Verwendung mit anderen schweren Fotoausr\u00fcstungen vorgesehen.<\/span><\/span> <span class=\"JLqJ4b ChMk0b\" data-language-for-alternatives=\"de\" data-language-to-translate-into=\"ru\" data-phrase-index=\"1\" data-number-of-phrases=\"2\"><span class=\"Q4iAWc\">Die Verwendung mit anderen Ger\u00e4ten ist m\u00f6glich, jedoch auf eigenes Risiko.<\/span><\/span><\/span><\/p>\n<\/div>\n","protected":false},"excerpt":{"rendered":"<p>Die Panoramaplatte ist das ideale frei verf\u00fcgbare Zubeh\u00f6r f\u00fcr beeindruckende Panorama-Aufnahmen. Die Panoramaplatte leistet beim Drehen den Nodalpunktadapter unsch\u00e4tzbare Dienste.<\/p>\n","protected":false},"featured_media":120,"template":"","meta":[],"product_brand":[],"product_cat":[24],"product_tag":[],"class_list":{"0":"post-84","1":"product","2":"type-product","3":"status-publish","4":"has-post-thumbnail","6":"product_cat-nodalpunktadapter","7":"product_shipping_class-grossbrief","9":"first","10":"instock","11":"featured","12":"sold-individually","13":"shipping-taxable","14":"purchasable","15":"product-type-variable"},"_links":{"self":[{"href":"https:\/\/handy-nodalpunktadapter.de\/online\/wp-json\/wp\/v2\/product\/84","targetHints":{"allow":["GET"]}}],"collection":[{"href":"https:\/\/handy-nodalpunktadapter.de\/online\/wp-json\/wp\/v2\/product"}],"about":[{"href":"https:\/\/handy-nodalpunktadapter.de\/online\/wp-json\/wp\/v2\/types\/product"}],"wp:featuredmedia":[{"embeddable":true,"href":"https:\/\/handy-nodalpunktadapter.de\/online\/wp-json\/wp\/v2\/media\/120"}],"wp:attachment":[{"href":"https:\/\/handy-nodalpunktadapter.de\/online\/wp-json\/wp\/v2\/media?parent=84"}],"wp:term":[{"taxonomy":"product_brand","embeddable":true,"href":"https:\/\/handy-nodalpunktadapter.de\/online\/wp-json\/wp\/v2\/product_brand?post=84"},{"taxonomy":"product_cat","embeddable":true,"href":"https:\/\/handy-nodalpunktadapter.de\/online\/wp-json\/wp\/v2\/product_cat?post=84"},{"taxonomy":"product_tag","embeddable":true,"href":"https:\/\/handy-nodalpunktadapter.de\/online\/wp-json\/wp\/v2\/product_tag?post=84"}],"curies":[{"name":"wp","href":"https:\/\/api.w.org\/{rel}","templated":true}]}}