{"id":144,"date":"2022-12-25T03:13:39","date_gmt":"2022-12-25T02:13:39","guid":{"rendered":"https:\/\/handy-nodalpunktadapter.de\/online\/?post_type=product&#038;p=144"},"modified":"2022-12-25T03:13:39","modified_gmt":"2022-12-25T02:13:39","slug":"nodalpunktadapter-fuer-iphone-x","status":"publish","type":"product","link":"https:\/\/handy-nodalpunktadapter.de\/online\/produkt\/nodalpunktadapter-fuer-iphone-x\/","title":{"rendered":"Nodalpunktadapter f\u00fcr iPhone X"},"content":{"rendered":"<p>Inch Stativ-Anschlussgewinde \u00bc Zoll<br \/>\nHauptmaterial: Plastik ABS, <span class=\"a-list-item\">aus dem 3D-Drucker<\/span><br \/>\nArtikelgr\u00f6\u00dfe: H\u00f6he 18 cm, L\u00e4nge 11 cm, Breite 3 cm<br \/>\nGewicht: ca 65 g<\/p>\n","protected":false},"excerpt":{"rendered":"<p>Inch Stativ-Anschlussgewinde \u00bc Zoll Hauptmaterial: Plastik ABS, aus dem 3D-Drucker<\/p>\n","protected":false},"featured_media":134,"template":"","meta":[],"product_brand":[],"product_cat":[24],"product_tag":[],"class_list":{"0":"post-144","1":"product","2":"type-product","3":"status-publish","4":"has-post-thumbnail","6":"product_cat-nodalpunktadapter","8":"first","9":"instock","10":"shipping-taxable","11":"purchasable","12":"product-type-variable","13":"has-default-attributes"},"_links":{"self":[{"href":"https:\/\/handy-nodalpunktadapter.de\/online\/wp-json\/wp\/v2\/product\/144","targetHints":{"allow":["GET"]}}],"collection":[{"href":"https:\/\/handy-nodalpunktadapter.de\/online\/wp-json\/wp\/v2\/product"}],"about":[{"href":"https:\/\/handy-nodalpunktadapter.de\/online\/wp-json\/wp\/v2\/types\/product"}],"wp:featuredmedia":[{"embeddable":true,"href":"https:\/\/handy-nodalpunktadapter.de\/online\/wp-json\/wp\/v2\/media\/134"}],"wp:attachment":[{"href":"https:\/\/handy-nodalpunktadapter.de\/online\/wp-json\/wp\/v2\/media?parent=144"}],"wp:term":[{"taxonomy":"product_brand","embeddable":true,"href":"https:\/\/handy-nodalpunktadapter.de\/online\/wp-json\/wp\/v2\/product_brand?post=144"},{"taxonomy":"product_cat","embeddable":true,"href":"https:\/\/handy-nodalpunktadapter.de\/online\/wp-json\/wp\/v2\/product_cat?post=144"},{"taxonomy":"product_tag","embeddable":true,"href":"https:\/\/handy-nodalpunktadapter.de\/online\/wp-json\/wp\/v2\/product_tag?post=144"}],"curies":[{"name":"wp","href":"https:\/\/api.w.org\/{rel}","templated":true}]}}