{"id":61,"date":"2022-12-21T23:01:10","date_gmt":"2022-12-21T22:01:10","guid":{"rendered":"https:\/\/handy-nodalpunktadapter.de\/online\/widerrufsbelehrung\/"},"modified":"2024-08-17T22:56:56","modified_gmt":"2024-08-17T20:56:56","slug":"widerrufsbelehrung","status":"publish","type":"page","link":"https:\/\/handy-nodalpunktadapter.de\/online\/widerrufsbelehrung\/","title":{"rendered":"Widerrufsbelehrung"},"content":{"rendered":"<h4>Kein Widerrufsrecht f\u00fcr individuell angefertigte Produkte<\/h4>\n<p>Gem\u00e4\u00df \u00a7 312g Abs. 2 Nr. 1 BGB besteht kein Widerrufsrecht f\u00fcr Vertr\u00e4ge zur Lieferung von Waren, die nicht vorgefertigt sind und f\u00fcr deren Herstellung eine individuelle Auswahl oder Bestimmung durch den Verbraucher ma\u00dfgeblich ist oder die eindeutig auf die pers\u00f6nlichen Bed\u00fcrfnisse des Verbrauchers zugeschnitten sind.<\/p>\n<p>Da unsere Nodalpunktadapter speziell nach den von Ihnen angegebenen Spezifikationen (Handymodell, Ma\u00dfe etc.) angefertigt werden, handelt es sich um ein individuelles und nach Kundenwunsch gefertigtes Produkt. Aus diesem Grund ist ein Widerrufsrecht ausgeschlossen.<\/p>\n<h4>Passgenauigkeit und Anpassung<\/h4>\n<p>Sollte der von Ihnen bestellte Nodalpunktadapter dennoch nicht korrekt passen, d.h., das Handy sitzt zu locker oder l\u00e4sst sich trotz Kraftaufwand nicht einsetzen, bieten wir Ihnen eine kostenlose Anpassung an. In diesem Fall k\u00f6nnen Sie uns gerne kontaktieren und uns detaillierte Fotos des Problems zusenden. Wir werden daraufhin eine neue, angepasste Version des Nodalpunktadapters herstellen und Ihnen auf unsere Kosten zusenden.<\/p>\n<p>F\u00fcr Fragen stehen wir Ihnen jederzeit zur Verf\u00fcgung. Bitte z\u00f6gern Sie nicht, uns zu kontaktieren.<\/p>\n","protected":false},"excerpt":{"rendered":"<p>Kein Widerrufsrecht f\u00fcr individuell angefertigte Produkte Gem\u00e4\u00df \u00a7 312g Abs.<\/p>\n","protected":false},"author":1,"featured_media":0,"parent":0,"menu_order":0,"comment_status":"closed","ping_status":"closed","template":"100-width.php","meta":{"footnotes":""},"class_list":["post-61","page","type-page","status-publish","hentry"],"_links":{"self":[{"href":"https:\/\/handy-nodalpunktadapter.de\/online\/wp-json\/wp\/v2\/pages\/61","targetHints":{"allow":["GET"]}}],"collection":[{"href":"https:\/\/handy-nodalpunktadapter.de\/online\/wp-json\/wp\/v2\/pages"}],"about":[{"href":"https:\/\/handy-nodalpunktadapter.de\/online\/wp-json\/wp\/v2\/types\/page"}],"author":[{"embeddable":true,"href":"https:\/\/handy-nodalpunktadapter.de\/online\/wp-json\/wp\/v2\/users\/1"}],"replies":[{"embeddable":true,"href":"https:\/\/handy-nodalpunktadapter.de\/online\/wp-json\/wp\/v2\/comments?post=61"}],"version-history":[{"count":4,"href":"https:\/\/handy-nodalpunktadapter.de\/online\/wp-json\/wp\/v2\/pages\/61\/revisions"}],"predecessor-version":[{"id":407,"href":"https:\/\/handy-nodalpunktadapter.de\/online\/wp-json\/wp\/v2\/pages\/61\/revisions\/407"}],"wp:attachment":[{"href":"https:\/\/handy-nodalpunktadapter.de\/online\/wp-json\/wp\/v2\/media?parent=61"}],"curies":[{"name":"wp","href":"https:\/\/api.w.org\/{rel}","templated":true}]}}