{"id":59,"date":"2022-12-21T23:01:10","date_gmt":"2022-12-21T22:01:10","guid":{"rendered":"https:\/\/handy-nodalpunktadapter.de\/online\/impressum\/"},"modified":"2025-10-05T10:50:53","modified_gmt":"2025-10-05T08:50:53","slug":"impressum","status":"publish","type":"page","link":"https:\/\/handy-nodalpunktadapter.de\/online\/impressum\/","title":{"rendered":"Impressum"},"content":{"rendered":"<section id=\"impressum\">\n<h2>Angaben gem\u00e4\u00df \u00a7 5 TMG<\/h2>\n<address>Server Kubedinov<br \/>\nGuardinistra\u00dfe 148<br \/>\n81375 M\u00fcnchen<br \/>\nDeutschland<\/address>\n<h2>Kontakt<\/h2>\n<p>Telefon: <a href=\"tel:+4917657321322\">+49 176 57321322<\/a><br \/>\nE-Mail: <a href=\"mailto:info@handy-nodalpunktadapter.de\">info@handy-nodalpunktadapter.de<\/a><\/p>\n<h2>Verantwortlich f\u00fcr den Inhalt nach \u00a7 55 Abs. 2 RStV<\/h2>\n<address>Server Kubedinov<br \/>\nGuardinistra\u00dfe 148<br \/>\n81375 M\u00fcnchen<\/address>\n<h2>Hinweis zum Kleinunternehmerstatus<\/h2>\n<p>Gem\u00e4\u00df \u00a7 19 UStG wird keine Umsatzsteuer berechnet.<\/p>\n<h2>Haftung f\u00fcr Inhalte<\/h2>\n<p>Als Diensteanbieter bin ich gem\u00e4\u00df \u00a7 7 Abs. 1 TMG f\u00fcr eigene Inhalte auf diesen Seiten nach den allgemeinen Gesetzen verantwortlich.<br \/>\nNach \u00a7\u00a7 8 bis 10 TMG bin ich jedoch nicht verpflichtet, \u00fcbermittelte oder gespeicherte fremde Informationen zu \u00fcberwachen<br \/>\noder nach Umst\u00e4nden zu forschen, die auf eine rechtswidrige T\u00e4tigkeit hinweisen. Verpflichtungen zur Entfernung oder Sperrung<br \/>\nder Nutzung von Informationen nach den allgemeinen Gesetzen bleiben hiervon unber\u00fchrt. Eine diesbez\u00fcgliche Haftung ist jedoch<br \/>\nerst ab dem Zeitpunkt der Kenntnis einer konkreten Rechtsverletzung m\u00f6glich. Bei Bekanntwerden entsprechender Rechtsverletzungen<br \/>\nwerde ich diese Inhalte umgehend entfernen.<\/p>\n<h2>Haftung f\u00fcr Links<\/h2>\n<p>Mein Angebot enth\u00e4lt Links zu externen Websites Dritter, auf deren Inhalte ich keinen Einfluss habe. Deshalb kann ich f\u00fcr diese<br \/>\nfremden Inhalte auch keine Gew\u00e4hr \u00fcbernehmen. F\u00fcr die Inhalte der verlinkten Seiten ist stets der jeweilige Anbieter oder Betreiber<br \/>\nder Seiten verantwortlich. Die verlinkten Seiten wurden zum Zeitpunkt der Verlinkung auf m\u00f6gliche Rechtsverst\u00f6\u00dfe \u00fcberpr\u00fcft;<br \/>\nrechtswidrige Inhalte waren zum Zeitpunkt der Verlinkung nicht erkennbar. Eine permanente inhaltliche Kontrolle der verlinkten<br \/>\nSeiten ist jedoch ohne konkrete Anhaltspunkte einer Rechtsverletzung nicht zumutbar. Bei Bekanntwerden von Rechtsverletzungen<br \/>\nwerde ich derartige Links umgehend entfernen.<\/p>\n<h2>Urheberrecht<\/h2>\n<p>Die durch den Seitenbetreiber erstellten Inhalte und Werke auf diesen Seiten unterliegen dem deutschen Urheberrecht.<br \/>\nDie Vervielf\u00e4ltigung, Bearbeitung, Verbreitung und jede Art der Verwertung au\u00dferhalb der Grenzen des Urheberrechts<br \/>\nbed\u00fcrfen der schriftlichen Zustimmung des jeweiligen Autors bzw. Erstellers. Downloads und Kopien dieser Seite sind<br \/>\nnur f\u00fcr den privaten, nicht kommerziellen Gebrauch gestattet. Soweit die Inhalte auf dieser Seite nicht vom Betreiber<br \/>\nerstellt wurden, werden die Urheberrechte Dritter beachtet und Inhalte Dritter als solche gekennzeichnet. Sollten Sie<br \/>\ntrotzdem auf eine Urheberrechtsverletzung aufmerksam werden, bitte ich um einen entsprechenden Hinweis. Bei Bekanntwerden<br \/>\nvon Rechtsverletzungen werde ich derartige Inhalte umgehend entfernen.<\/p>\n<h2>Hinweis zur Streitbeilegung<\/h2>\n<p>Die fr\u00fchere EU-Plattform zur Online-Streitbeilegung (OS) wurde am 20.07.2025 eingestellt. Ich bin nicht verpflichtet<br \/>\nund nicht bereit, an einem Streitbeilegungsverfahren vor einer Verbraucherschlichtungsstelle teilzunehmen.<\/p>\n<p style=\"margin-top: 2rem; font-size: .9rem; color: #666;\">Letzte Aktualisierung: 05.10.2025<\/p>\n<\/section>\n","protected":false},"excerpt":{"rendered":"<p>Angaben gem\u00e4\u00df \u00a7 5 TMG Server Kubedinov Guardinistra\u00dfe 148 81375<\/p>\n","protected":false},"author":1,"featured_media":0,"parent":0,"menu_order":0,"comment_status":"closed","ping_status":"closed","template":"","meta":{"footnotes":""},"class_list":["post-59","page","type-page","status-publish","hentry"],"_links":{"self":[{"href":"https:\/\/handy-nodalpunktadapter.de\/online\/wp-json\/wp\/v2\/pages\/59","targetHints":{"allow":["GET"]}}],"collection":[{"href":"https:\/\/handy-nodalpunktadapter.de\/online\/wp-json\/wp\/v2\/pages"}],"about":[{"href":"https:\/\/handy-nodalpunktadapter.de\/online\/wp-json\/wp\/v2\/types\/page"}],"author":[{"embeddable":true,"href":"https:\/\/handy-nodalpunktadapter.de\/online\/wp-json\/wp\/v2\/users\/1"}],"replies":[{"embeddable":true,"href":"https:\/\/handy-nodalpunktadapter.de\/online\/wp-json\/wp\/v2\/comments?post=59"}],"version-history":[{"count":7,"href":"https:\/\/handy-nodalpunktadapter.de\/online\/wp-json\/wp\/v2\/pages\/59\/revisions"}],"predecessor-version":[{"id":439,"href":"https:\/\/handy-nodalpunktadapter.de\/online\/wp-json\/wp\/v2\/pages\/59\/revisions\/439"}],"wp:attachment":[{"href":"https:\/\/handy-nodalpunktadapter.de\/online\/wp-json\/wp\/v2\/media?parent=59"}],"curies":[{"name":"wp","href":"https:\/\/api.w.org\/{rel}","templated":true}]}}