{"id":250,"date":"2023-01-04T12:04:21","date_gmt":"2023-01-04T11:04:21","guid":{"rendered":"https:\/\/handy-nodalpunktadapter.de\/online\/?page_id=250"},"modified":"2023-01-04T14:07:28","modified_gmt":"2023-01-04T13:07:28","slug":"der-nodalpunktadapter-was-ist-das-und-wie-macht-man-ein-360-panorama","status":"publish","type":"page","link":"https:\/\/handy-nodalpunktadapter.de\/online\/der-nodalpunktadapter-was-ist-das-und-wie-macht-man-ein-360-panorama\/","title":{"rendered":"Der Nodalpunktadapter &#8211; Was ist das? Und wie macht man ein 360\u00b0 Panorama?"},"content":{"rendered":"<div class=\"fusion-fullwidth fullwidth-box fusion-builder-row-1 fusion-flex-container nonhundred-percent-fullwidth non-hundred-percent-height-scrolling\" style=\"--awb-border-radius-top-left:0px;--awb-border-radius-top-right:0px;--awb-border-radius-bottom-right:0px;--awb-border-radius-bottom-left:0px;--awb-flex-wrap:wrap;\" ><div class=\"fusion-builder-row fusion-row fusion-flex-align-items-flex-start fusion-flex-content-wrap\" style=\"max-width:1144px;margin-left: calc(-4% \/ 2 );margin-right: calc(-4% \/ 2 );\"><div class=\"fusion-layout-column fusion_builder_column fusion-builder-column-0 fusion_builder_column_1_1 1_1 fusion-flex-column\" style=\"--awb-bg-size:cover;--awb-width-large:100%;--awb-margin-top-large:0px;--awb-spacing-right-large:1.92%;--awb-margin-bottom-large:0px;--awb-spacing-left-large:1.92%;--awb-width-medium:100%;--awb-spacing-right-medium:1.92%;--awb-spacing-left-medium:1.92%;--awb-width-small:100%;--awb-spacing-right-small:1.92%;--awb-spacing-left-small:1.92%;\"><div class=\"fusion-column-wrapper fusion-flex-justify-content-flex-start fusion-content-layout-column\"><div class=\"fusion-text fusion-text-1\"><div class=\"text-content\">\n<h1>Der Nodalpunktadapter &#8211; Was ist das? Und wie macht man ein 360\u00b0 Panorama?<\/h1>\n<p>Ein Nodalpunktadapter ist notwendig, wenn der Fotograf optimale Panoramen aufnehmen m\u00f6chte. Dieser sorgt vor allem daf\u00fcr, dass sich Hinter- und Vordergrund beim Drehen des Bildaufnahmeger\u00e4tes nicht gegeneinander verschieben, sodass die Panoramasoftware sp\u00e4ter die Bilder unterscheidbar zusammensetzen kann.<\/p>\n<h3>Die Bedeutung des Nodalpunktes<\/h3>\n<p>Der Nodalpunkt ist genau der Drehpunkt, welcher die Vordergrundobjekte im selben Verh\u00e4ltnis wie Hintergrundobjekte l\u00e4sst, sobald die Kamera um jenen Punkt gedreht wird. So gibt es dabei vertikale Linie im Vordergrund wie beispielsweise ein Pfosten sowie eine senkrechte Linie im Hintergrund. Dies kann eine Kante sein. Auf dem ersten Foto liegen beide genau kongruent hintereinander. Jene Linien sollten zugleich weiterhin genau hintereinanderliegen, sobald die Kamera gedreht wird. Dies ist immer dann der Fall, sobald das Bildaufnahmeger\u00e4t sich um den Nodalpunkt dreht. Dabei entsteht eine Deckungsgleichheit zwischen zwei oder drei Punkten. So wurde im Anfangspunkt die Kamera gedreht, jedoch nicht um den Nodalpunkt. Im zweiten Punkt dreht sich der Fotograf und es gibt dabei eine gr\u00f6\u00dfere Abweichung von Hinter- und Vordergrund. Damit ist der Hinter- und Vordergrund nicht deckungsgleich und die Verrechnung f\u00fcr ein Panoramafoto wird nicht genau funktionieren.<br \/>\nWenn der Fotograf beginnt, dann wird dieser im Bereich der Panoramafotografie immer wieder mit dem Begriff Nodalpunkt konfrontiert. Dieser ist von besonderer Bedeutung.<br \/>\nDreht der Fotograf die Kamera auf seine, Stativ um, um auf diese Weise mehrere Bilder anzufertigen, die sp\u00e4ter zu einem zusammengesetzt werden sollen, dann kommt es zu einem Ph\u00e4nomen, welches als Paralaxeneffekt bezeichnet wird. Hierbei handelt es sich um die Verschiebung der Objekte im Vordergrund zu jenen im Hintergrund. Dieser Effekt kann einfach erkannt werden. Dazu wird ein Auge geschlossen und es werden die beiden Zeigefinger in einer Linie voreinander gehalten. Hierbei wird ein Finger m\u00f6glichst nah am Auge gehalten und der andere m\u00f6glichst weiter weg. Wenn der Fotograf nun den Kopf nach rechts oder nach links dreht, dann erkennt dieser, dass sich beide Finger gegenseitig verschieben. Dies liegt daran, dass der Fotograf den Kopf um die Achse des Halses dreht und nicht gleichzeitig um die optische Achse des Auges. Dies ist der Parallaxeneffekt.<\/p>\n<div id=\"attachment_16\" style=\"width: 296px\" class=\"wp-caption alignnone\"><img decoding=\"async\" aria-describedby=\"caption-attachment-16\" class=\"size-medium wp-image-16\" src=\"https:\/\/handy-nodalpunktadapter.de\/online\/wp-content\/uploads\/2022\/12\/npa_0-286x300.jpg\" alt=\"Nodalpunktadapter f\u00fcr Iphone\" width=\"286\" height=\"300\" srcset=\"https:\/\/handy-nodalpunktadapter.de\/online\/wp-content\/uploads\/2022\/12\/npa_0-286x300.jpg 286w, https:\/\/handy-nodalpunktadapter.de\/online\/wp-content\/uploads\/2022\/12\/npa_0-500x524.jpg 500w, https:\/\/handy-nodalpunktadapter.de\/online\/wp-content\/uploads\/2022\/12\/npa_0-600x628.jpg 600w, https:\/\/handy-nodalpunktadapter.de\/online\/wp-content\/uploads\/2022\/12\/npa_0.jpg 697w\" sizes=\"(max-width: 286px) 100vw, 286px\" \/><p id=\"caption-attachment-16\" class=\"wp-caption-text\">Nodalpunktadapter f\u00fcr Iphone<\/p><\/div>\n<h3>Die Arbeitsweise des Nodalpunktadapters<\/h3>\n<p>F\u00fcr ein Panoramafoto werden generell verschiedene Einzelfotos aufgenommen. Hierbei wird die Kamera um 360 Grad bzw. um den Nodalpunkt geschwenkt. \u00dcber eine spezielle Software, die Stitching-Software (englisch \u201en\u00e4hen\u201c) werden die Teilbilder mit den \u00fcberlappenden Linien und Kanten zu einem Panoramafoto automatisch zusammengef\u00fcgt. Hierbei ist es wichtig, dass w\u00e4hrend des Fotografierens bei den einzelnen Teilbildern eine hinreichende Kreuzung aufgenommen wird.<br \/>\nW\u00e4hrend der Bildaufnahme k\u00f6nnen dem Fotografen viele Fehler unterlaufen, welche dem fertigen Panorama verschiedene Bildfehler bescheren und es f\u00fcr eine Software unm\u00f6glich machen, die Bilder zu einem einzigen Panoramafoto zusammenzuf\u00fcgen.<\/p>\n<p><strong>Das Gewinde f\u00fcr die Befestigung des Stativs der Kamera entspricht generell nicht dem Nodalpunkt,<\/strong> <strong>denn dieser ist bei jeder Kamera vom Objektiv abh\u00e4ngig und liegt je nach genutzter Brennweite bei einem anderen Punkt<\/strong>. Aus diesem Grund wird der Nodalpunktadapter gebraucht, anhand dessen der Fotograf den Nodalpunkt bzw. den idealen Drehpunkt f\u00fcr die einzelne Objektivkombination bzw. Kamera einstellen kann.<\/p>\n<p>F\u00fcr ein waagerechtes 360-Grad-Panoramafoto, welches nicht die ganze H\u00f6he bietet, wird eine Schnellwechselplatte mit einem verstellbaren Abstand verwendet. Sofern der Fotograf bereits das Stativ mit der Vorrichtung f\u00fcr die Schnellwechselplatte besitzt, ist dies eine g\u00fcnstige M\u00f6glichkeit von etwa 15 Euro zum Probieren.<br \/>\nKomfortabler sind auf jeden Fall die Nodalpunktadapter. Diese gibt es von unterschiedlichen Herstellern und k\u00f6nnen zugleich per Eigenbau hergestellt werden. <strong>Ein Nodalpunktadapter ist generell in Form eines \u201aL\u2018 erschaffen. Werden nun 360-Grad-Kugelbilder erstellt, dann gibt es einen Auslegearm, sodass die Kamera nicht nur in der Waagerechten, sondern zugleich in der Senkrechten um den Nodalpunkt herum geschwenkt werden kann.<br \/>\n<\/strong><\/p>\n<\/div>\n<\/div><div class=\"fusion-woo-product-slider fusion-woo-slider\"><div class=\"awb-carousel awb-swiper awb-swiper-carousel fusion-carousel-title-on-rollover\" style=\"--awb-columns:4;\" data-autoplay=\"no\" data-columns=\"4\" data-itemmargin=\"13\" data-itemwidth=\"180\" data-touchscroll=\"no\" data-imagesize=\"fixed\"><div class=\"swiper-wrapper\"><div class=\"swiper-slide\"><div class=\"fusion-classic-product-image-wrapper\"><div class=\"fusion-carousel-item-wrapper\"><div  class=\"fusion-image-wrapper fusion-image-size-fixed\" aria-haspopup=\"true\">\n\t\t\t\t<div class=\"fusion-woo-badges-wrapper\">\n<\/div>\t\t\t<a href=\"https:\/\/handy-nodalpunktadapter.de\/online\/produkt\/nodalpunktadapter-fuer-iphone-x\/\" aria-label=\"Nodalpunktadapter f\u00fcr iPhone X\">\n\t\t\t\t\t\t\t<img decoding=\"async\" width=\"142\" height=\"142\" src=\"https:\/\/handy-nodalpunktadapter.de\/online\/wp-content\/uploads\/2022\/12\/Smartphone-Nodalpunktadapter-mit-zubehoer-1o.jpg\" class=\"attachment-portfolio-five size-portfolio-five wp-post-image\" alt=\"\" srcset=\"https:\/\/handy-nodalpunktadapter.de\/online\/wp-content\/uploads\/2022\/12\/Smartphone-Nodalpunktadapter-mit-zubehoer-1o-66x66.jpg 66w, https:\/\/handy-nodalpunktadapter.de\/online\/wp-content\/uploads\/2022\/12\/Smartphone-Nodalpunktadapter-mit-zubehoer-1o-100x100.jpg 100w, https:\/\/handy-nodalpunktadapter.de\/online\/wp-content\/uploads\/2022\/12\/Smartphone-Nodalpunktadapter-mit-zubehoer-1o-150x150.jpg 150w, https:\/\/handy-nodalpunktadapter.de\/online\/wp-content\/uploads\/2022\/12\/Smartphone-Nodalpunktadapter-mit-zubehoer-1o-200x200.jpg 200w, https:\/\/handy-nodalpunktadapter.de\/online\/wp-content\/uploads\/2022\/12\/Smartphone-Nodalpunktadapter-mit-zubehoer-1o-300x300.jpg 300w, https:\/\/handy-nodalpunktadapter.de\/online\/wp-content\/uploads\/2022\/12\/Smartphone-Nodalpunktadapter-mit-zubehoer-1o-400x400.jpg 400w, https:\/\/handy-nodalpunktadapter.de\/online\/wp-content\/uploads\/2022\/12\/Smartphone-Nodalpunktadapter-mit-zubehoer-1o-500x500.jpg 500w, https:\/\/handy-nodalpunktadapter.de\/online\/wp-content\/uploads\/2022\/12\/Smartphone-Nodalpunktadapter-mit-zubehoer-1o-600x600.jpg 600w, https:\/\/handy-nodalpunktadapter.de\/online\/wp-content\/uploads\/2022\/12\/Smartphone-Nodalpunktadapter-mit-zubehoer-1o-700x700.jpg 700w, https:\/\/handy-nodalpunktadapter.de\/online\/wp-content\/uploads\/2022\/12\/Smartphone-Nodalpunktadapter-mit-zubehoer-1o-768x768.jpg 768w, https:\/\/handy-nodalpunktadapter.de\/online\/wp-content\/uploads\/2022\/12\/Smartphone-Nodalpunktadapter-mit-zubehoer-1o-800x800.jpg 800w, https:\/\/handy-nodalpunktadapter.de\/online\/wp-content\/uploads\/2022\/12\/Smartphone-Nodalpunktadapter-mit-zubehoer-1o-1024x1024.jpg 1024w, https:\/\/handy-nodalpunktadapter.de\/online\/wp-content\/uploads\/2022\/12\/Smartphone-Nodalpunktadapter-mit-zubehoer-1o-1200x1200.jpg 1200w, https:\/\/handy-nodalpunktadapter.de\/online\/wp-content\/uploads\/2022\/12\/Smartphone-Nodalpunktadapter-mit-zubehoer-1o-1536x1536.jpg 1536w, https:\/\/handy-nodalpunktadapter.de\/online\/wp-content\/uploads\/2022\/12\/Smartphone-Nodalpunktadapter-mit-zubehoer-1o.jpg 2085w\" sizes=\"(max-width: 142px) 100vw, 142px\" \/><div class=\"cart-loading\"><i class=\"awb-icon-spinner\" aria-hidden=\"true\"><\/i><\/div>\t\t\t<\/a>\n\t\t\t\t\t\t\t<\/div>\n<\/div><\/div><\/div><div class=\"swiper-slide\"><div class=\"fusion-classic-product-image-wrapper\"><div class=\"fusion-carousel-item-wrapper\"><div  class=\"fusion-image-wrapper fusion-image-size-fixed\" aria-haspopup=\"true\">\n\t\t\t\t<div class=\"fusion-woo-badges-wrapper\">\n<\/div>\t\t\t<a href=\"https:\/\/handy-nodalpunktadapter.de\/online\/produkt\/gewindeadapter-3-8-zoll-auf-1-4-zoll\/\" aria-label=\"Gewindeadapter 3\/8 Zoll auf 1\/4 Zoll\">\n\t\t\t\t\t\t\t<img decoding=\"async\" width=\"142\" height=\"142\" src=\"https:\/\/handy-nodalpunktadapter.de\/online\/wp-content\/uploads\/2022\/12\/Drehscheibe.jpg\" class=\"attachment-portfolio-five size-portfolio-five wp-post-image\" alt=\"\" srcset=\"https:\/\/handy-nodalpunktadapter.de\/online\/wp-content\/uploads\/2022\/12\/Drehscheibe-66x66.jpg 66w, https:\/\/handy-nodalpunktadapter.de\/online\/wp-content\/uploads\/2022\/12\/Drehscheibe-100x100.jpg 100w, https:\/\/handy-nodalpunktadapter.de\/online\/wp-content\/uploads\/2022\/12\/Drehscheibe-150x150.jpg 150w, https:\/\/handy-nodalpunktadapter.de\/online\/wp-content\/uploads\/2022\/12\/Drehscheibe-200x200.jpg 200w, https:\/\/handy-nodalpunktadapter.de\/online\/wp-content\/uploads\/2022\/12\/Drehscheibe-300x300.jpg 300w, https:\/\/handy-nodalpunktadapter.de\/online\/wp-content\/uploads\/2022\/12\/Drehscheibe-400x400.jpg 400w, https:\/\/handy-nodalpunktadapter.de\/online\/wp-content\/uploads\/2022\/12\/Drehscheibe-500x500.jpg 500w, https:\/\/handy-nodalpunktadapter.de\/online\/wp-content\/uploads\/2022\/12\/Drehscheibe-600x600.jpg 600w, https:\/\/handy-nodalpunktadapter.de\/online\/wp-content\/uploads\/2022\/12\/Drehscheibe-700x700.jpg 700w, https:\/\/handy-nodalpunktadapter.de\/online\/wp-content\/uploads\/2022\/12\/Drehscheibe-768x768.jpg 768w, https:\/\/handy-nodalpunktadapter.de\/online\/wp-content\/uploads\/2022\/12\/Drehscheibe-800x800.jpg 800w, https:\/\/handy-nodalpunktadapter.de\/online\/wp-content\/uploads\/2022\/12\/Drehscheibe-1024x1024.jpg 1024w, https:\/\/handy-nodalpunktadapter.de\/online\/wp-content\/uploads\/2022\/12\/Drehscheibe-1200x1200.jpg 1200w, https:\/\/handy-nodalpunktadapter.de\/online\/wp-content\/uploads\/2022\/12\/Drehscheibe-1536x1536.jpg 1536w, https:\/\/handy-nodalpunktadapter.de\/online\/wp-content\/uploads\/2022\/12\/Drehscheibe.jpg 2085w\" sizes=\"(max-width: 142px) 100vw, 142px\" \/><div class=\"cart-loading\"><i class=\"awb-icon-spinner\" aria-hidden=\"true\"><\/i><\/div>\t\t\t<\/a>\n\t\t\t\t\t\t\t<\/div>\n<\/div><\/div><\/div><div class=\"swiper-slide\"><div class=\"fusion-classic-product-image-wrapper\"><div class=\"fusion-carousel-item-wrapper\"><div  class=\"fusion-image-wrapper fusion-image-size-fixed\" aria-haspopup=\"true\">\n\t\t\t\t<div class=\"fusion-woo-badges-wrapper\">\n<\/div>\t\t\t<a href=\"https:\/\/handy-nodalpunktadapter.de\/online\/produkt\/panoramaplatte-drehscheibe-360\/\" aria-label=\"Panoramaplatte \u2013 Drehscheibe 360\u00b0\">\n\t\t\t\t\t\t\t<img decoding=\"async\" width=\"142\" height=\"142\" src=\"https:\/\/handy-nodalpunktadapter.de\/online\/wp-content\/uploads\/2022\/12\/Drehscheibe_1-4_3-8.jpg\" class=\"attachment-portfolio-five size-portfolio-five wp-post-image\" alt=\"\" srcset=\"https:\/\/handy-nodalpunktadapter.de\/online\/wp-content\/uploads\/2022\/12\/Drehscheibe_1-4_3-8-66x66.jpg 66w, https:\/\/handy-nodalpunktadapter.de\/online\/wp-content\/uploads\/2022\/12\/Drehscheibe_1-4_3-8-100x100.jpg 100w, https:\/\/handy-nodalpunktadapter.de\/online\/wp-content\/uploads\/2022\/12\/Drehscheibe_1-4_3-8-150x150.jpg 150w, https:\/\/handy-nodalpunktadapter.de\/online\/wp-content\/uploads\/2022\/12\/Drehscheibe_1-4_3-8-200x200.jpg 200w, https:\/\/handy-nodalpunktadapter.de\/online\/wp-content\/uploads\/2022\/12\/Drehscheibe_1-4_3-8-300x300.jpg 300w, https:\/\/handy-nodalpunktadapter.de\/online\/wp-content\/uploads\/2022\/12\/Drehscheibe_1-4_3-8-400x400.jpg 400w, https:\/\/handy-nodalpunktadapter.de\/online\/wp-content\/uploads\/2022\/12\/Drehscheibe_1-4_3-8-500x500.jpg 500w, https:\/\/handy-nodalpunktadapter.de\/online\/wp-content\/uploads\/2022\/12\/Drehscheibe_1-4_3-8-600x600.jpg 600w, https:\/\/handy-nodalpunktadapter.de\/online\/wp-content\/uploads\/2022\/12\/Drehscheibe_1-4_3-8-700x700.jpg 700w, https:\/\/handy-nodalpunktadapter.de\/online\/wp-content\/uploads\/2022\/12\/Drehscheibe_1-4_3-8-768x768.jpg 768w, https:\/\/handy-nodalpunktadapter.de\/online\/wp-content\/uploads\/2022\/12\/Drehscheibe_1-4_3-8-800x800.jpg 800w, https:\/\/handy-nodalpunktadapter.de\/online\/wp-content\/uploads\/2022\/12\/Drehscheibe_1-4_3-8-1024x1024.jpg 1024w, https:\/\/handy-nodalpunktadapter.de\/online\/wp-content\/uploads\/2022\/12\/Drehscheibe_1-4_3-8-1200x1200.jpg 1200w, https:\/\/handy-nodalpunktadapter.de\/online\/wp-content\/uploads\/2022\/12\/Drehscheibe_1-4_3-8-1536x1536.jpg 1536w, https:\/\/handy-nodalpunktadapter.de\/online\/wp-content\/uploads\/2022\/12\/Drehscheibe_1-4_3-8.jpg 2085w\" sizes=\"(max-width: 142px) 100vw, 142px\" \/><div class=\"cart-loading\"><i class=\"awb-icon-spinner\" aria-hidden=\"true\"><\/i><\/div>\t\t\t<\/a>\n\t\t\t\t\t\t\t<\/div>\n<\/div><\/div><\/div><div class=\"swiper-slide\"><div class=\"fusion-classic-product-image-wrapper\"><div class=\"fusion-carousel-item-wrapper\"><div  class=\"fusion-image-wrapper fusion-image-size-fixed\" aria-haspopup=\"true\">\n\t\t\t\t<div class=\"fusion-woo-badges-wrapper\">\n<\/div>\t\t\t<a href=\"https:\/\/handy-nodalpunktadapter.de\/online\/produkt\/nodalpunktadapter\/\" aria-label=\"Nodalpunktadapter f\u00fcr jedes Handy-Modell bestellbar\">\n\t\t\t\t\t\t\t<img decoding=\"async\" width=\"142\" height=\"142\" src=\"https:\/\/handy-nodalpunktadapter.de\/online\/wp-content\/uploads\/2022\/12\/Smartphone-Nodalpunktadapter-mit-zubehoer-ab.jpg\" class=\"attachment-portfolio-five size-portfolio-five wp-post-image\" alt=\"Smartphone-Nodalpunktadapter mit Zubeh\u00f6r\" srcset=\"https:\/\/handy-nodalpunktadapter.de\/online\/wp-content\/uploads\/2022\/12\/Smartphone-Nodalpunktadapter-mit-zubehoer-ab-66x66.jpg 66w, https:\/\/handy-nodalpunktadapter.de\/online\/wp-content\/uploads\/2022\/12\/Smartphone-Nodalpunktadapter-mit-zubehoer-ab-100x100.jpg 100w, https:\/\/handy-nodalpunktadapter.de\/online\/wp-content\/uploads\/2022\/12\/Smartphone-Nodalpunktadapter-mit-zubehoer-ab-150x150.jpg 150w, https:\/\/handy-nodalpunktadapter.de\/online\/wp-content\/uploads\/2022\/12\/Smartphone-Nodalpunktadapter-mit-zubehoer-ab-200x200.jpg 200w, https:\/\/handy-nodalpunktadapter.de\/online\/wp-content\/uploads\/2022\/12\/Smartphone-Nodalpunktadapter-mit-zubehoer-ab-300x300.jpg 300w, https:\/\/handy-nodalpunktadapter.de\/online\/wp-content\/uploads\/2022\/12\/Smartphone-Nodalpunktadapter-mit-zubehoer-ab-400x400.jpg 400w, https:\/\/handy-nodalpunktadapter.de\/online\/wp-content\/uploads\/2022\/12\/Smartphone-Nodalpunktadapter-mit-zubehoer-ab-500x500.jpg 500w, https:\/\/handy-nodalpunktadapter.de\/online\/wp-content\/uploads\/2022\/12\/Smartphone-Nodalpunktadapter-mit-zubehoer-ab-600x600.jpg 600w, https:\/\/handy-nodalpunktadapter.de\/online\/wp-content\/uploads\/2022\/12\/Smartphone-Nodalpunktadapter-mit-zubehoer-ab-700x700.jpg 700w, https:\/\/handy-nodalpunktadapter.de\/online\/wp-content\/uploads\/2022\/12\/Smartphone-Nodalpunktadapter-mit-zubehoer-ab-768x768.jpg 768w, https:\/\/handy-nodalpunktadapter.de\/online\/wp-content\/uploads\/2022\/12\/Smartphone-Nodalpunktadapter-mit-zubehoer-ab-800x800.jpg 800w, https:\/\/handy-nodalpunktadapter.de\/online\/wp-content\/uploads\/2022\/12\/Smartphone-Nodalpunktadapter-mit-zubehoer-ab-1024x1024.jpg 1024w, https:\/\/handy-nodalpunktadapter.de\/online\/wp-content\/uploads\/2022\/12\/Smartphone-Nodalpunktadapter-mit-zubehoer-ab-1200x1200.jpg 1200w, https:\/\/handy-nodalpunktadapter.de\/online\/wp-content\/uploads\/2022\/12\/Smartphone-Nodalpunktadapter-mit-zubehoer-ab-1536x1536.jpg 1536w, https:\/\/handy-nodalpunktadapter.de\/online\/wp-content\/uploads\/2022\/12\/Smartphone-Nodalpunktadapter-mit-zubehoer-ab.jpg 2085w\" sizes=\"(max-width: 142px) 100vw, 142px\" \/><div class=\"cart-loading\"><i class=\"awb-icon-spinner\" aria-hidden=\"true\"><\/i><\/div>\t\t\t<\/a>\n\t\t\t\t\t\t\t<\/div>\n<\/div><\/div><\/div><\/div><div class=\"awb-swiper-button awb-swiper-button-prev\"><i class=\"awb-icon-angle-left\" aria-hidden=\"true\"><\/i><\/div><div class=\"awb-swiper-button awb-swiper-button-next\"><i class=\"awb-icon-angle-right\" aria-hidden=\"true\"><\/i><\/div><\/div><\/div><\/div><\/div><\/div><\/div>\n","protected":false},"excerpt":{"rendered":"","protected":false},"author":1,"featured_media":54,"parent":0,"menu_order":0,"comment_status":"closed","ping_status":"closed","template":"","meta":{"footnotes":""},"class_list":["post-250","page","type-page","status-publish","has-post-thumbnail","hentry"],"_links":{"self":[{"href":"https:\/\/handy-nodalpunktadapter.de\/online\/wp-json\/wp\/v2\/pages\/250","targetHints":{"allow":["GET"]}}],"collection":[{"href":"https:\/\/handy-nodalpunktadapter.de\/online\/wp-json\/wp\/v2\/pages"}],"about":[{"href":"https:\/\/handy-nodalpunktadapter.de\/online\/wp-json\/wp\/v2\/types\/page"}],"author":[{"embeddable":true,"href":"https:\/\/handy-nodalpunktadapter.de\/online\/wp-json\/wp\/v2\/users\/1"}],"replies":[{"embeddable":true,"href":"https:\/\/handy-nodalpunktadapter.de\/online\/wp-json\/wp\/v2\/comments?post=250"}],"version-history":[{"count":6,"href":"https:\/\/handy-nodalpunktadapter.de\/online\/wp-json\/wp\/v2\/pages\/250\/revisions"}],"predecessor-version":[{"id":259,"href":"https:\/\/handy-nodalpunktadapter.de\/online\/wp-json\/wp\/v2\/pages\/250\/revisions\/259"}],"wp:featuredmedia":[{"embeddable":true,"href":"https:\/\/handy-nodalpunktadapter.de\/online\/wp-json\/wp\/v2\/media\/54"}],"wp:attachment":[{"href":"https:\/\/handy-nodalpunktadapter.de\/online\/wp-json\/wp\/v2\/media?parent=250"}],"curies":[{"name":"wp","href":"https:\/\/api.w.org\/{rel}","templated":true}]}}