{"id":175,"date":"2022-12-26T17:40:24","date_gmt":"2022-12-26T16:40:24","guid":{"rendered":"https:\/\/handy-nodalpunktadapter.de\/online\/?page_id=175"},"modified":"2022-12-26T17:43:29","modified_gmt":"2022-12-26T16:43:29","slug":"alles-im-blick-atemberaubende-rundblicke-dank-nodalpunktadapter","status":"publish","type":"page","link":"https:\/\/handy-nodalpunktadapter.de\/online\/alles-im-blick-atemberaubende-rundblicke-dank-nodalpunktadapter\/","title":{"rendered":"Alles im Blick &#8211; atemberaubende Rundblicke dank Nodalpunktadapter"},"content":{"rendered":"<p>Ob Hobby- oder Berufsfotograf: Das Smartphone &#8211; handlich, kompakt und immer mit dabei &#8211; dient immer \u00f6fter als Ersatz f\u00fcr verschiedenartigste Ger\u00e4tschaften. Auch moderne Kameras werden in vielen F\u00e4llen bereits vom Handy abgel\u00f6st; vor allem unter Hobbyfotografen und Einsteigern, die sich erst noch mit der Materie und den M\u00f6glichkeiten vertraut machen wollen, ehe sie teures Geld in hochwertige Kameras investieren.<\/p>\n<p>Einige Funktionen waren bisher aber den &#8222;echten&#8220; Kameras vorbehalten und Panoramafotos, geknipst mit dem Handy, bringen nicht immer das gew\u00fcnschte Ergebnis. Zu viele \u00e4u\u00dfere Einfl\u00fcsse &#8211; beispielsweise ein sich bewegendes, zu fotografierendes Objekt bei gleichzeitigem Schwenken der Kamera &#8211; pr\u00e4gen das schlussendliche Bild. F\u00fcr solche F\u00e4lle kommen nun Nodalpunktadapter zum Einsatz. Ein <strong>Nodalpunktadapter<\/strong> f\u00fcr Ihr Smartphone erm\u00f6glicht genau das, was bisher nur den Verwendern echter Kameras m\u00f6glich war: das Schwenken der Kamera bzw. des Objektivs in alle erdenklichen Richtungen. Das Resultat ist ein st\u00f6rungsfreies Panoramabild, der Rundblick in alle Windrichtungen.<\/p>\n<h3>Funktion und Handhabung: Die Systematik eines Nodalpunktadapters<\/h3>\n<p>Das Funktionsprinzip dieses Zubeh\u00f6rteils ist simpel, die Handhabung erfordert allerdings ein wenig Fingerspitzengef\u00fchl, sofern kein eigenes Stativ vorhanden ist. Der Begriff <strong>Nodalpunkt<\/strong> bezeichnet jenen Punkt an bzw. in der Kamera (dem Smartphone), der immer exakt an derselben Stelle verharrt, selbst wenn Sie die Kamera schwenken oder drehen. Sinn hinter dieser Technik ist, Bilder im 360\u00b0-Winkel erzeugen zu k\u00f6nnen, ohne dass diese von einer St\u00f6rung gepr\u00e4gt sind. Eine solche w\u00e4re beispielsweise ein scheinbar zusammengeschobenes Objekt, von dem Teile oder Bereiche fehlen, oder auch das Auseinanderziehen von abgebildeten Objekten, wodurch vierbeinige Tiere pl\u00f6tzlich zw\u00f6lf Beine haben. Im Prinzip sind Panoramafotos mit Nodalpunktadapter also eine Zusammenf\u00fcgung mehrerer Fotos aus unterschiedlichen Winkeln und mit einem flie\u00dfenden \u00dcbergang von Bild zu Bild.<\/p>\n<h3>Experimente und Anwendungsgebiete<\/h3>\n<p>Der wohl bekannteste Sektor, in dem Nodalpunktadapter sich erfolgreich einsetzen lassen, sind Panoramafotos; zumeist von Berglandschaften oder auch weitl\u00e4ufigen und flachen Gebieten. Ebenfalls bekannt sind sie aus der Google Street View. Mit einigen Funktionen \u00fcberzeugen sie jedoch auch in ganz anderen Sektoren, beispielsweise im Sicherheitsdienst: Detektive im Einsatz k\u00f6nnen durch den Nodalpunktadapter in verschiedenen Situationen erfolgreich Beweise sichern, ohne Aufmerksamkeit zu erregen; eine einfache Installation des Nodalpunktadapters im Einsatzfahrzeug f\u00e4llt niemandem auf. Schlie\u00dflich hat heutzutage so gut wie jeder eine Halterung f\u00fcr das Smartphone oder ein Navigationsger\u00e4t im Fahrzeug.<\/p>\n<p>Die Einsatzgebiete der <strong>Nodalpunktadapter<\/strong> f\u00fcr das Smartphone lassen sich in nahezu unendliche Weite streuen. Sie laden Hobbyfotografen und auch Berufserfahrene zum Experimentieren ein und erm\u00f6glichen in der Fotografie sprichw\u00f6rtlich Blickwinkel, die zuvor kaum oder nur sehr schwer abzubilden waren. Mit dem ganzheitlichen Rundblick im Winkel von 360\u00b0 aktivieren Sie Ihr ber\u00fchmtes drittes Auge; im wahrsten Sinne des Wortes.<\/p>\n","protected":false},"excerpt":{"rendered":"<p>Ob Hobby- oder Berufsfotograf: Das Smartphone &#8211; handlich, kompakt und<\/p>\n","protected":false},"author":1,"featured_media":0,"parent":0,"menu_order":0,"comment_status":"closed","ping_status":"closed","template":"","meta":{"footnotes":""},"class_list":["post-175","page","type-page","status-publish","hentry"],"_links":{"self":[{"href":"https:\/\/handy-nodalpunktadapter.de\/online\/wp-json\/wp\/v2\/pages\/175","targetHints":{"allow":["GET"]}}],"collection":[{"href":"https:\/\/handy-nodalpunktadapter.de\/online\/wp-json\/wp\/v2\/pages"}],"about":[{"href":"https:\/\/handy-nodalpunktadapter.de\/online\/wp-json\/wp\/v2\/types\/page"}],"author":[{"embeddable":true,"href":"https:\/\/handy-nodalpunktadapter.de\/online\/wp-json\/wp\/v2\/users\/1"}],"replies":[{"embeddable":true,"href":"https:\/\/handy-nodalpunktadapter.de\/online\/wp-json\/wp\/v2\/comments?post=175"}],"version-history":[{"count":3,"href":"https:\/\/handy-nodalpunktadapter.de\/online\/wp-json\/wp\/v2\/pages\/175\/revisions"}],"predecessor-version":[{"id":178,"href":"https:\/\/handy-nodalpunktadapter.de\/online\/wp-json\/wp\/v2\/pages\/175\/revisions\/178"}],"wp:attachment":[{"href":"https:\/\/handy-nodalpunktadapter.de\/online\/wp-json\/wp\/v2\/media?parent=175"}],"curies":[{"name":"wp","href":"https:\/\/api.w.org\/{rel}","templated":true}]}}