{"id":11,"date":"2022-12-22T18:49:06","date_gmt":"2022-12-22T17:49:06","guid":{"rendered":"https:\/\/handy-nodalpunktadapter.de\/online\/?page_id=11"},"modified":"2024-08-17T22:50:49","modified_gmt":"2024-08-17T20:50:49","slug":"agbs","status":"publish","type":"page","link":"https:\/\/handy-nodalpunktadapter.de\/online\/agbs\/","title":{"rendered":"Allgemeinen Gesch\u00e4ftsbedingungen"},"content":{"rendered":"<p><strong>1) Geltungsbereich<\/strong><\/p>\n<p>1.1\u2009Diese Allgemeinen Gesch\u00e4ftsbedingungen (nachfolgend &#8222;AGB&#8220;) Herr Server Kubedinov (nachfolgend &#8222;Verk\u00e4ufer&#8220;), gelten f\u00fcr alle Vertr\u00e4ge \u00fcber die Lieferung von Waren, die ein Verbraucher oder Unternehmer (nachfolgend \u201eKunde\u201c) mit dem Verk\u00e4ufer hinsichtlich der vom Verk\u00e4ufer in seinem Online-Shop dargestellten Waren abschlie\u00dft. Hiermit wird der Einbeziehung von eigenen Bedingungen des Kunden widersprochen, es sei denn, es ist etwas anderes vereinbart.<\/p>\n<p>1.2\u2009Verbraucher im Sinne dieser AGB ist jede nat\u00fcrliche Person, die ein Rechtsgesch\u00e4ft zu Zwecken abschlie\u00dft, die \u00fcberwiegend weder ihrer gewerblichen noch ihrer selbst\u00e4ndigen beruflichen T\u00e4tigkeit zugerechnet werden k\u00f6nnen. Unternehmer im Sinne dieser AGB ist eine nat\u00fcrliche oder juristische Person oder eine rechtsf\u00e4hige Personengesellschaft, die bei Abschluss eines Rechtsgesch\u00e4fts in Aus\u00fcbung ihrer gewerblichen oder selbst\u00e4ndigen beruflichen T\u00e4tigkeit handelt.<\/p>\n<p><strong>2) Vertragsschluss<\/strong><\/p>\n<p>2.1\u2009Jeder Nodalpunktadapter (NPA) wird speziell f\u00fcr das bei der Bestellung angegebene Handymodell gefertigt. Die Produktion erfolgt mittels 3D-Druck, wobei die Spezifikationen des jeweiligen Handymodells (H\u00f6he, Breite, Dicke) ber\u00fccksichtigt werden. Aufgrund dieser individuellen Anpassung handelt es sich um ein speziell nach den W\u00fcnschen des Kunden angefertigtes Produkt.<\/p>\n<p>2.2 Die im Online-Shop des Verk\u00e4ufers enthaltenen Produktbeschreibungen stellen keine verbindlichen Angebote seitens des Verk\u00e4ufers dar, sondern dienen zur Abgabe eines verbindlichen Angebots durch den Kunden.<\/p>\n<p>2.3\u2009Der Kunde kann das Angebot \u00fcber das in den Online-Shop des Verk\u00e4ufers integrierte Online-Bestellformular abgeben. Dabei gibt der Kunde, nachdem er die ausgew\u00e4hlten Waren in den virtuellen Warenkorb gelegt und den elektronischen Bestellprozess durchlaufen hat, durch Klicken des den Bestellvorgang abschlie\u00dfenden Buttons ein rechtlich verbindliches Vertragsangebot in Bezug auf die im Warenkorb enthaltenen Waren ab.<\/p>\n<p>2.4\u2009Bei Auswahl der Zahlungsart \u201ePayPal Express\u201c erfolgt die Zahlungsabwicklung \u00fcber den Zahlungsdienstleister PayPal (Europe) S.\u00e0 r.l. et Cie, S.C.A., 22-24 Boulevard Royal, L-2449 Luxembourg (im Folgenden: \u201ePayPal\u201c), unter Geltung der PayPal-Nutzungsbedingungen, einsehbar unter https:\/\/www.paypal.com\/de\/webapps\/mpp\/ua\/useragreement-full oder &#8211; falls der Kunde nicht \u00fcber ein PayPal-Konto verf\u00fcgt \u2013 unter Geltung der Bedingungen f\u00fcr Zahlungen ohne PayPal-Konto, einsehbar unter https:\/\/www.paypal.com\/de\/webapps\/mpp\/ua\/privacywax-full. W\u00e4hlt der Kunde im Rahmen des Online-Bestellvorgangs \u201ePayPal Express\u201c als Zahlungsart aus, erteilt er durch Klicken des den Bestellvorgang abschlie\u00dfenden Buttons zugleich auch einen Zahlungsauftrag an PayPal. F\u00fcr diesen Fall erkl\u00e4rt der Verk\u00e4ufer schon jetzt die Annahme des Angebots des Kunden in dem Zeitpunkt, in dem der Kunde durch Klicken des den Bestellvorgang abschlie\u00dfenden Buttons den Zahlungsvorgang ausl\u00f6st.<\/p>\n<p>Bei einem <strong>Kauf auf Rechnung<\/strong> wird der Kaufpreis f\u00e4llig, nachdem die Ware geliefert und in Rechnung gestellt wurde. In diesem Fall ist der Kaufpreis innerhalb von 10 (zehn) Tagen ab Erhalt der Rechnung ohne Abzug zu zahlen, sofern nichts anderes vereinbart ist. K\u00e4rcher beh\u00e4lt sich vor, die Zahlungsart Kauf auf Rechnung nur bis zu einem bestimmten Bestellvolumen anzubieten und diese Zahlungsart bei \u00dcberschreitung des angegebenen Bestellvolumens abzulehnen. In diesem Fall wird Verk\u00e4ufer den Kunden in seinen Zahlungsinformationen im Online-Shop auf eine entsprechende Zahlungsbeschr\u00e4nkung hinweisen.<\/p>\n<p>Der Kunde stimmt hiermit zu, dass Verk\u00e4ufer berechtigt ist, die Rechnung als elektronische Rechnung (Rechnung, die in einem elektronischen Format ausgestellt und empfangen wird, z.B. als PDF-Dokument) per E-Mail an den Kunden zu senden. Verk\u00e4ufer kann nach eigenem Ermessen die Rechnung auch auf Papier an den Kunden \u00fcbersenden.<\/p>\n<p><strong>3) Liefer- und Versandbedingungen<\/strong><\/p>\n<p>3.1\u2009Die Lieferung von Waren erfolgt auf dem Versandweg an die vom Kunden angegebene Lieferanschrift, sofern nichts anderes vereinbart ist. Bei der Abwicklung der Transaktion ist die in der Bestellabwicklung des Verk\u00e4ufers angegebene Lieferanschrift ma\u00dfgeblich.<\/p>\n<p>3.2\u2009Sendet das Transportunternehmen die versandte Ware an den Verk\u00e4ufer zur\u00fcck, da eine Zustellung beim Kunden nicht m\u00f6glich war, tr\u00e4gt der Kunde die Kosten f\u00fcr den erfolglosen Versand. Dies gilt nicht, wenn der Kunde den Umstand, der zur Unm\u00f6glichkeit der Zustellung gef\u00fchrt hat, nicht zu vertreten hat oder wenn er vor\u00fcbergehend an der Annahme der angebotenen Leistung verhindert war, es sei denn, dass der Verk\u00e4ufer ihm die Leistung eine angemessene Zeit vorher angek\u00fcndigt hatte. Ferner gilt dies im Hinblick auf die Kosten f\u00fcr die Hinsendung nicht, wenn der Kunde sein Widerrufsrecht wirksam aus\u00fcbt. F\u00fcr die R\u00fccksendekosten gilt bei wirksamer Aus\u00fcbung des Widerrufsrechts durch den Kunden die in der Widerrufsbelehrung des Verk\u00e4ufers hierzu getroffene Regelung.<\/p>\n<p>3.3 Die Lieferung erfolgt an die vom Kunden angegebene Adresse. Die Lieferzeiten werden bei der Bestellung angegeben, k\u00f6nnen jedoch je nach Produktionsaufwand und Versanddienstleister variieren.<\/p>\n<p><strong>4) Widerrufsrecht und R\u00fcckgabe<\/strong><\/p>\n<p>Gem\u00e4\u00df \u00a7 312g Abs. 2 Nr. 1 BGB besteht kein Widerrufsrecht f\u00fcr Waren, die nach Kundenspezifikationen angefertigt werden oder eindeutig auf die pers\u00f6nlichen Bed\u00fcrfnisse des Kunden zugeschnitten sind. Da unsere Nodalpunktadapter individuell f\u00fcr das jeweilige Handymodell des Kunden hergestellt werden, ist ein Umtausch oder eine R\u00fcckgabe ausgeschlossen. Dies gilt auch, wenn der Kunde einen K\u00e4uferschutz in Anspruch nimmt.<\/p>\n<p><strong>5)<\/strong> <strong>Passgenauigkeit und Anpassung<\/strong><br \/>\nUnsere Nodalpunktadapter sind so konzipiert, dass Ihr Handy sicher in der Halterung sitzt, ohne gro\u00dfen Kraftaufwand eingesetzt werden kann und nicht zu locker sitzt. Sollte der Adapter dennoch nicht korrekt passen, d.h., das Handy sitzt zu locker oder l\u00e4sst sich trotz Kraftaufwand nicht einsetzen, bieten wir eine kostenlose Anpassung an. In diesem Fall ist der Kunde verpflichtet, uns detaillierte Fotos des Problems zuzusenden. Nach Erhalt und \u00dcberpr\u00fcfung der Fotos stellen wir eine neue, angepasste Version des Nodalpunktadapters her und senden diese auf unsere Kosten an den Kunden.<\/p>\n<p><strong>6) Gew\u00e4hrleistung<\/strong><br \/>\nF\u00fcr die Produkte gelten die gesetzlichen Gew\u00e4hrleistungsrechte. Da jeder Nodalpunktadapter individuell gefertigt wird, k\u00f6nnen geringf\u00fcgige Abweichungen in der Ausf\u00fchrung auftreten, die keinen Mangel darstellen.<\/p>\n<p><strong>8) Datenschutz<\/strong><br \/>\nIhre Daten werden ausschlie\u00dflich zur Abwicklung der Bestellung und zur Verbesserung unseres Angebots verwendet. Weitere Informationen zum Datenschutz entnehmen Sie bitte unserer Datenschutzerkl\u00e4rung.<\/p>\n<p><strong>9) Schlussbestimmungen<\/strong><br \/>\nSollte eine Bestimmung dieser AGB unwirksam sein, bleibt der Vertrag im \u00dcbrigen wirksam. Anstelle der unwirksamen Bestimmung gelten die einschl\u00e4gigen gesetzlichen Vorschriften.<\/p>\n<p><strong>10) Kontakt<\/strong><br \/>\nF\u00fcr Fragen und weitere Informationen wenden Sie sich bitte an unseren Kundenservice unter\u00a0 360@handy-nodalpunktadapter.de<\/p>\n<p><strong>11) Einl\u00f6sung von Aktionsgutscheinen<\/strong><\/p>\n<p>7.1\u2009Gutscheine, die vom Verk\u00e4ufer im Rahmen von Werbeaktionen mit einer bestimmten G\u00fcltigkeitsdauer unentgeltlich ausgegeben werden und die vom Kunden nicht k\u00e4uflich erworben werden k\u00f6nnen (nachfolgend &#8222;Aktionsgutscheine&#8220;), k\u00f6nnen nur im Online-Shop des Verk\u00e4ufers und nur im angegebenen Zeitraum eingel\u00f6st werden.<\/p>\n<p>7.2\u2009Aktionsgutscheine k\u00f6nnen nur von Verbrauchern eingel\u00f6st werden.<\/p>\n<p>7.3\u2009Einzelne Produkte k\u00f6nnen von der Gutscheinaktion ausgeschlossen sein, sofern sich eine entsprechende Einschr\u00e4nkung aus dem Inhalt des Aktionsgutscheins ergibt.<\/p>\n<p>7.4\u2009Aktionsgutscheine k\u00f6nnen nur vor Abschluss des Bestellvorgangs eingel\u00f6st werden. Eine nachtr\u00e4gliche Verrechnung ist nicht m\u00f6glich.<\/p>\n<p>7.5\u2009Pro Bestellung kann immer nur ein Aktionsgutschein eingel\u00f6st werden.<\/p>\n<p>7.6\u2009Der Warenwert muss mindestens dem Betrag des Aktionsgutscheins entsprechen. Etwaiges Restguthaben wird vom Verk\u00e4ufer nicht erstattet.<\/p>\n<p>7.7\u2009Reicht der Wert des Aktionsgutscheins zur Deckung der Bestellung nicht aus, kann zur Begleichung des Differenzbetrages eine der \u00fcbrigen vom Verk\u00e4ufer angebotenen Zahlungsarten gew\u00e4hlt werden.<\/p>\n<p>7.8\u2009Das Guthaben eines Aktionsgutscheins wird weder in Bargeld ausgezahlt noch verzinst.<\/p>\n<p>7.9\u2009Der Aktionsgutschein wird nicht erstattet, wenn der Kunde die mit dem Aktionsgutschein ganz oder teilweise bezahlte Ware im Rahmen seines gesetzlichen Widerrufsrechts zur\u00fcckgibt.<\/p>\n<p>7.10\u2009Der Aktionsgutschein ist \u00fcbertragbar. Der Verk\u00e4ufer kann mit befreiender Wirkung an den jeweiligen Inhaber, der den Aktionsgutschein im Online-Shop des Verk\u00e4ufers einl\u00f6st, leisten. Dies gilt nicht, wenn der Verk\u00e4ufer Kenntnis oder grob fahrl\u00e4ssige Unkenntnis von der Nichtberechtigung, der Gesch\u00e4ftsunf\u00e4higkeit oder der fehlenden Vertretungsberechtigung des jeweiligen Inhabers hat.<\/p>\n<p>&nbsp;<\/p>\n","protected":false},"excerpt":{"rendered":"<p>1) Geltungsbereich 1.1\u2009Diese Allgemeinen Gesch\u00e4ftsbedingungen (nachfolgend &#8222;AGB&#8220;) Herr Server Kubedinov<\/p>\n","protected":false},"author":1,"featured_media":0,"parent":0,"menu_order":0,"comment_status":"closed","ping_status":"closed","template":"","meta":{"footnotes":""},"class_list":["post-11","page","type-page","status-publish","hentry"],"_links":{"self":[{"href":"https:\/\/handy-nodalpunktadapter.de\/online\/wp-json\/wp\/v2\/pages\/11","targetHints":{"allow":["GET"]}}],"collection":[{"href":"https:\/\/handy-nodalpunktadapter.de\/online\/wp-json\/wp\/v2\/pages"}],"about":[{"href":"https:\/\/handy-nodalpunktadapter.de\/online\/wp-json\/wp\/v2\/types\/page"}],"author":[{"embeddable":true,"href":"https:\/\/handy-nodalpunktadapter.de\/online\/wp-json\/wp\/v2\/users\/1"}],"replies":[{"embeddable":true,"href":"https:\/\/handy-nodalpunktadapter.de\/online\/wp-json\/wp\/v2\/comments?post=11"}],"version-history":[{"count":5,"href":"https:\/\/handy-nodalpunktadapter.de\/online\/wp-json\/wp\/v2\/pages\/11\/revisions"}],"predecessor-version":[{"id":406,"href":"https:\/\/handy-nodalpunktadapter.de\/online\/wp-json\/wp\/v2\/pages\/11\/revisions\/406"}],"wp:attachment":[{"href":"https:\/\/handy-nodalpunktadapter.de\/online\/wp-json\/wp\/v2\/media?parent=11"}],"curies":[{"name":"wp","href":"https:\/\/api.w.org\/{rel}","templated":true}]}}